{"id":10,"date":"2024-04-30T10:14:01","date_gmt":"2024-04-30T10:14:01","guid":{"rendered":"https:\/\/shop.weboost.pt\/finalizar-compra\/"},"modified":"2024-07-01T11:34:17","modified_gmt":"2024-07-01T11:34:17","slug":"checkout","status":"publish","type":"page","link":"https:\/\/shop.weboost.pt\/de\/checkout\/","title":{"rendered":"Checkout"},"content":{"rendered":"<div data-elementor-type=\"wp-page\" data-elementor-id=\"10\" class=\"elementor elementor-10\" data-elementor-post-type=\"page\">\n\t\t\t\t<div class=\"elementor-element elementor-element-7bab0840 e-flex e-con-boxed e-con e-parent\" data-id=\"7bab0840\" data-element_type=\"container\">\n\t\t\t\t\t<div class=\"e-con-inner\">\n\t\t\t\t<div class=\"elementor-element elementor-element-8c64aca e-checkout-layout-two-column elementor-widget elementor-widget-woocommerce-checkout-page\" data-id=\"8c64aca\" data-element_type=\"widget\" data-widget_type=\"woocommerce-checkout-page.default\">\n\t\t\t\t<div class=\"elementor-widget-container\">\n\t\t\t<div class=\"woocommerce\"><\/div>\t\t<\/div>\n\t\t\t\t<\/div>\n\t\t\t\t\t<\/div>\n\t\t\t\t<\/div>\n\t\t\t\t<\/div>","protected":false},"excerpt":{"rendered":"<p>Billing Details First Name&nbsp;* Last Name&nbsp;* Company Name&nbsp;(opcional) Pa\u00eds \/ Regi\u00e3o&nbsp;*Seleccione um pa\u00eds \/ regi\u00e3o&hellip;Afeganist\u00e3o\u00c1frica do Sul\u00c5land IslandsAlb\u00e2niaAlemanhaAndorraAngolaAnguilaAnt\u00e1rctidaAnt\u00edgua e BarbudaAr\u00e1bia SauditaArg\u00e9liaArgentinaArm\u00e9niaArubaAustr\u00e1lia\u00c1ustriaAzerbaij\u00e3oBahamasBahreinBangladeshBarbadosBelauB\u00e9lgicaBelizeBenimBermudasBielorr\u00fassiaBol\u00edviaBonaire, Saint Eustatius e SabaB\u00f3snia e HerzegovinaBotsuanaBrasilBruneiBulg\u00e1riaBurquina FasoBurundiBut\u00e3oCabo VerdeCamar\u00f5esCambojaCanad\u00e1CatarCazaquist\u00e3oChadeCh\u00e9quiaChileChinaChipreCol\u00f4mbiaComoresComunidade das Ilhas Marianas SetentrionaisCongo (Brazzaville)Congo (Kinshasa)Coreia do NorteCoreia do SulCosta RicaCosta do MarfimCro\u00e1ciaCubaCura&ccedil;aoDinamarcaDom\u00ednicaEgitoEmirados \u00c1rabes UnidosEquadorEritreiaEslov\u00e1quiaEslov\u00e9niaEspanhaEstados Unidos (US)Est\u00f3niaEswatiniEti\u00f3piaFaro\u00e9FijiFilipinasFinl\u00e2ndiaFran\u00e7aGab\u00e3oG\u00e2mbiaGanaGe\u00f3rgiaGibraltarGranadaGr\u00e9ciaGronel\u00e2ndiaGuadalupeGuamGuatemalaGuerneseyGuianaGuiana FrancesaGuin\u00e9Guin\u00e9 EquatorialGuin\u00e9-BissauHaitiHondurasHong KongHungriaI\u00e9menIlha BouvetIlha Heard e Ilhas McDonaldIlha NorfolkIlha [&hellip;]<\/p>","protected":false},"author":1,"featured_media":0,"parent":0,"menu_order":0,"comment_status":"closed","ping_status":"closed","template":"","meta":{"footnotes":""},"class_list":["post-10","page","type-page","status-publish","hentry"],"yoast_head":"<!-- This site is optimized with the Yoast SEO plugin v23.9 - https:\/\/yoast.com\/wordpress\/plugins\/seo\/ -->\n<title>Checkout - Weboost - SEO Agency<\/title>\n<meta name=\"robots\" content=\"index, follow, max-snippet:-1, max-image-preview:large, max-video-preview:-1\" \/>\n<link rel=\"canonical\" href=\"https:\/\/shop.weboost.pt\/de\/checkout\/\" \/>\n<meta property=\"og:locale\" content=\"de_DE\" \/>\n<meta property=\"og:type\" content=\"article\" \/>\n<meta property=\"og:title\" content=\"Checkout - Weboost - SEO Agency\" \/>\n<meta property=\"og:description\" content=\"Billing Details First Name&nbsp;* Last Name&nbsp;* Company Name&nbsp;(opcional) Pa\u00eds \/ Regi\u00e3o&nbsp;*Seleccione um pa\u00eds \/ regi\u00e3o&hellip;Afeganist\u00e3o\u00c1frica do Sul\u00c5land IslandsAlb\u00e2niaAlemanhaAndorraAngolaAnguilaAnt\u00e1rctidaAnt\u00edgua e BarbudaAr\u00e1bia SauditaArg\u00e9liaArgentinaArm\u00e9niaArubaAustr\u00e1lia\u00c1ustriaAzerbaij\u00e3oBahamasBahreinBangladeshBarbadosBelauB\u00e9lgicaBelizeBenimBermudasBielorr\u00fassiaBol\u00edviaBonaire, Saint Eustatius e SabaB\u00f3snia e HerzegovinaBotsuanaBrasilBruneiBulg\u00e1riaBurquina FasoBurundiBut\u00e3oCabo VerdeCamar\u00f5esCambojaCanad\u00e1CatarCazaquist\u00e3oChadeCh\u00e9quiaChileChinaChipreCol\u00f4mbiaComoresComunidade das Ilhas Marianas SetentrionaisCongo (Brazzaville)Congo (Kinshasa)Coreia do NorteCoreia do SulCosta RicaCosta do MarfimCro\u00e1ciaCubaCura&ccedil;aoDinamarcaDom\u00ednicaEgitoEmirados \u00c1rabes UnidosEquadorEritreiaEslov\u00e1quiaEslov\u00e9niaEspanhaEstados Unidos (US)Est\u00f3niaEswatiniEti\u00f3piaFaro\u00e9FijiFilipinasFinl\u00e2ndiaFran\u00e7aGab\u00e3oG\u00e2mbiaGanaGe\u00f3rgiaGibraltarGranadaGr\u00e9ciaGronel\u00e2ndiaGuadalupeGuamGuatemalaGuerneseyGuianaGuiana FrancesaGuin\u00e9Guin\u00e9 EquatorialGuin\u00e9-BissauHaitiHondurasHong KongHungriaI\u00e9menIlha BouvetIlha Heard e Ilhas McDonaldIlha NorfolkIlha [&hellip;]\" \/>\n<meta property=\"og:url\" content=\"https:\/\/shop.weboost.pt\/de\/checkout\/\" \/>\n<meta property=\"og:site_name\" content=\"Weboost - SEO Agency\" \/>\n<meta property=\"article:modified_time\" content=\"2024-07-01T11:34:17+00:00\" \/>\n<meta name=\"twitter:card\" content=\"summary_large_image\" \/>\n<meta name=\"twitter:label1\" content=\"Gesch\u00e4tzte Lesezeit\" \/>\n\t<meta name=\"twitter:data1\" content=\"3\u00a0Minuten\" \/>\n<script type=\"application\/ld+json\" class=\"yoast-schema-graph\">{\"@context\":\"https:\/\/schema.org\",\"@graph\":[{\"@type\":\"WebPage\",\"@id\":\"https:\/\/shop.weboost.pt\/checkout\/\",\"url\":\"https:\/\/shop.weboost.pt\/checkout\/\",\"name\":\"Checkout - Weboost - SEO Agency\",\"isPartOf\":{\"@id\":\"https:\/\/shop.weboost.pt\/#website\"},\"datePublished\":\"2024-04-30T10:14:01+00:00\",\"dateModified\":\"2024-07-01T11:34:17+00:00\",\"breadcrumb\":{\"@id\":\"https:\/\/shop.weboost.pt\/checkout\/#breadcrumb\"},\"inLanguage\":\"de-CH\",\"potentialAction\":[{\"@type\":\"ReadAction\",\"target\":[\"https:\/\/shop.weboost.pt\/checkout\/\"]}]},{\"@type\":\"BreadcrumbList\",\"@id\":\"https:\/\/shop.weboost.pt\/checkout\/#breadcrumb\",\"itemListElement\":[{\"@type\":\"ListItem\",\"position\":1,\"name\":\"In\u00edcio\",\"item\":\"https:\/\/shop.weboost.pt\/\"},{\"@type\":\"ListItem\",\"position\":2,\"name\":\"Checkout\"}]},{\"@type\":\"WebSite\",\"@id\":\"https:\/\/shop.weboost.pt\/#website\",\"url\":\"https:\/\/shop.weboost.pt\/\",\"name\":\"Weboost - SEO Agency\",\"description\":\"\",\"publisher\":{\"@id\":\"https:\/\/shop.weboost.pt\/#organization\"},\"potentialAction\":[{\"@type\":\"SearchAction\",\"target\":{\"@type\":\"EntryPoint\",\"urlTemplate\":\"https:\/\/shop.weboost.pt\/?s={search_term_string}\"},\"query-input\":{\"@type\":\"PropertyValueSpecification\",\"valueRequired\":true,\"valueName\":\"search_term_string\"}}],\"inLanguage\":\"de-CH\"},{\"@type\":\"Organization\",\"@id\":\"https:\/\/shop.weboost.pt\/#organization\",\"name\":\"Weboost - SEO Agency\",\"url\":\"https:\/\/shop.weboost.pt\/\",\"logo\":{\"@type\":\"ImageObject\",\"inLanguage\":\"de-CH\",\"@id\":\"https:\/\/shop.weboost.pt\/#\/schema\/logo\/image\/\",\"url\":\"https:\/\/shop.weboost.pt\/wp-content\/uploads\/2024\/04\/weboost-logo-white-01-20.00.34.png\",\"contentUrl\":\"https:\/\/shop.weboost.pt\/wp-content\/uploads\/2024\/04\/weboost-logo-white-01-20.00.34.png\",\"width\":5617,\"height\":1024,\"caption\":\"Weboost - SEO Agency\"},\"image\":{\"@id\":\"https:\/\/shop.weboost.pt\/#\/schema\/logo\/image\/\"}}]}<\/script>\n<!-- \/ Yoast SEO plugin. -->","yoast_head_json":{"title":"Checkout - Weboost - SEO Agency","robots":{"index":"index","follow":"follow","max-snippet":"max-snippet:-1","max-image-preview":"max-image-preview:large","max-video-preview":"max-video-preview:-1"},"canonical":"https:\/\/shop.weboost.pt\/de\/checkout\/","og_locale":"de_DE","og_type":"article","og_title":"Checkout - Weboost - SEO Agency","og_description":"Billing Details First Name&nbsp;* Last Name&nbsp;* Company Name&nbsp;(opcional) Pa\u00eds \/ Regi\u00e3o&nbsp;*Seleccione um pa\u00eds \/ regi\u00e3o&hellip;Afeganist\u00e3o\u00c1frica do Sul\u00c5land IslandsAlb\u00e2niaAlemanhaAndorraAngolaAnguilaAnt\u00e1rctidaAnt\u00edgua e BarbudaAr\u00e1bia SauditaArg\u00e9liaArgentinaArm\u00e9niaArubaAustr\u00e1lia\u00c1ustriaAzerbaij\u00e3oBahamasBahreinBangladeshBarbadosBelauB\u00e9lgicaBelizeBenimBermudasBielorr\u00fassiaBol\u00edviaBonaire, Saint Eustatius e SabaB\u00f3snia e HerzegovinaBotsuanaBrasilBruneiBulg\u00e1riaBurquina FasoBurundiBut\u00e3oCabo VerdeCamar\u00f5esCambojaCanad\u00e1CatarCazaquist\u00e3oChadeCh\u00e9quiaChileChinaChipreCol\u00f4mbiaComoresComunidade das Ilhas Marianas SetentrionaisCongo (Brazzaville)Congo (Kinshasa)Coreia do NorteCoreia do SulCosta RicaCosta do MarfimCro\u00e1ciaCubaCura&ccedil;aoDinamarcaDom\u00ednicaEgitoEmirados \u00c1rabes UnidosEquadorEritreiaEslov\u00e1quiaEslov\u00e9niaEspanhaEstados Unidos (US)Est\u00f3niaEswatiniEti\u00f3piaFaro\u00e9FijiFilipinasFinl\u00e2ndiaFran\u00e7aGab\u00e3oG\u00e2mbiaGanaGe\u00f3rgiaGibraltarGranadaGr\u00e9ciaGronel\u00e2ndiaGuadalupeGuamGuatemalaGuerneseyGuianaGuiana FrancesaGuin\u00e9Guin\u00e9 EquatorialGuin\u00e9-BissauHaitiHondurasHong KongHungriaI\u00e9menIlha BouvetIlha Heard e Ilhas McDonaldIlha NorfolkIlha [&hellip;]","og_url":"https:\/\/shop.weboost.pt\/de\/checkout\/","og_site_name":"Weboost - SEO Agency","article_modified_time":"2024-07-01T11:34:17+00:00","twitter_card":"summary_large_image","twitter_misc":{"Gesch\u00e4tzte Lesezeit":"3\u00a0Minuten"},"schema":{"@context":"https:\/\/schema.org","@graph":[{"@type":"WebPage","@id":"https:\/\/shop.weboost.pt\/checkout\/","url":"https:\/\/shop.weboost.pt\/checkout\/","name":"Checkout - Weboost - SEO Agency","isPartOf":{"@id":"https:\/\/shop.weboost.pt\/#website"},"datePublished":"2024-04-30T10:14:01+00:00","dateModified":"2024-07-01T11:34:17+00:00","breadcrumb":{"@id":"https:\/\/shop.weboost.pt\/checkout\/#breadcrumb"},"inLanguage":"de-CH","potentialAction":[{"@type":"ReadAction","target":["https:\/\/shop.weboost.pt\/checkout\/"]}]},{"@type":"BreadcrumbList","@id":"https:\/\/shop.weboost.pt\/checkout\/#breadcrumb","itemListElement":[{"@type":"ListItem","position":1,"name":"In\u00edcio","item":"https:\/\/shop.weboost.pt\/"},{"@type":"ListItem","position":2,"name":"Checkout"}]},{"@type":"WebSite","@id":"https:\/\/shop.weboost.pt\/#website","url":"https:\/\/shop.weboost.pt\/","name":"Weboost - SEO Agency","description":"","publisher":{"@id":"https:\/\/shop.weboost.pt\/#organization"},"potentialAction":[{"@type":"SearchAction","target":{"@type":"EntryPoint","urlTemplate":"https:\/\/shop.weboost.pt\/?s={search_term_string}"},"query-input":{"@type":"PropertyValueSpecification","valueRequired":true,"valueName":"search_term_string"}}],"inLanguage":"de-CH"},{"@type":"Organization","@id":"https:\/\/shop.weboost.pt\/#organization","name":"Weboost - SEO Agency","url":"https:\/\/shop.weboost.pt\/","logo":{"@type":"ImageObject","inLanguage":"de-CH","@id":"https:\/\/shop.weboost.pt\/#\/schema\/logo\/image\/","url":"https:\/\/shop.weboost.pt\/wp-content\/uploads\/2024\/04\/weboost-logo-white-01-20.00.34.png","contentUrl":"https:\/\/shop.weboost.pt\/wp-content\/uploads\/2024\/04\/weboost-logo-white-01-20.00.34.png","width":5617,"height":1024,"caption":"Weboost - SEO Agency"},"image":{"@id":"https:\/\/shop.weboost.pt\/#\/schema\/logo\/image\/"}}]}},"_links":{"self":[{"href":"https:\/\/shop.weboost.pt\/de\/wp-json\/wp\/v2\/pages\/10","targetHints":{"allow":["GET"]}}],"collection":[{"href":"https:\/\/shop.weboost.pt\/de\/wp-json\/wp\/v2\/pages"}],"about":[{"href":"https:\/\/shop.weboost.pt\/de\/wp-json\/wp\/v2\/types\/page"}],"author":[{"embeddable":true,"href":"https:\/\/shop.weboost.pt\/de\/wp-json\/wp\/v2\/users\/1"}],"replies":[{"embeddable":true,"href":"https:\/\/shop.weboost.pt\/de\/wp-json\/wp\/v2\/comments?post=10"}],"version-history":[{"count":10,"href":"https:\/\/shop.weboost.pt\/de\/wp-json\/wp\/v2\/pages\/10\/revisions"}],"predecessor-version":[{"id":290,"href":"https:\/\/shop.weboost.pt\/de\/wp-json\/wp\/v2\/pages\/10\/revisions\/290"}],"wp:attachment":[{"href":"https:\/\/shop.weboost.pt\/de\/wp-json\/wp\/v2\/media?parent=10"}],"curies":[{"name":"wp","href":"https:\/\/api.w.org\/{rel}","templated":true}]}}